{"id":55687,"date":"2025-10-16T11:17:55","date_gmt":"2025-10-16T09:17:55","guid":{"rendered":"https:\/\/espritt.be\/location-de-machines-forestieres\/formulaire-de-reservation-pour-location\/"},"modified":"2025-10-20T09:34:45","modified_gmt":"2025-10-20T07:34:45","slug":"reserver-une-machine-forestiere","status":"publish","type":"page","link":"https:\/\/espritt.be\/fr\/location-de-machines-forestieres\/reserver-une-machine-forestiere\/","title":{"rendered":"reserver-une-machine-forestiere"},"content":{"rendered":"\t\t<div data-elementor-type=\"wp-page\" data-elementor-id=\"55687\" class=\"elementor elementor-55687 elementor-55566\" data-elementor-post-type=\"page\">\n\t\t\t\t\t\t<section class=\"elementor-section elementor-top-section elementor-element elementor-element-281ba94 elementor-section-boxed elementor-section-height-default elementor-section-height-default\" data-id=\"281ba94\" data-element_type=\"section\" data-e-type=\"section\">\n\t\t\t\t\t\t<div class=\"elementor-container elementor-column-gap-default\">\n\t\t\t\t\t<div class=\"elementor-column elementor-col-100 elementor-top-column elementor-element elementor-element-34d0588e\" data-id=\"34d0588e\" data-element_type=\"column\" data-e-type=\"column\">\n\t\t\t<div class=\"elementor-widget-wrap elementor-element-populated\">\n\t\t\t\t\t\t<div class=\"elementor-element elementor-element-67398e7e elementor-widget elementor-widget-heading\" data-id=\"67398e7e\" data-element_type=\"widget\" data-e-type=\"widget\" data-widget_type=\"heading.default\">\n\t\t\t\t<div class=\"elementor-widget-container\">\n\t\t\t\t\t<h3 class=\"elementor-heading-title elementor-size-default\">formulaire de r\u00e9servation pour location\n<\/h3>\t\t\t\t<\/div>\n\t\t\t\t<\/div>\n\t\t\t\t\t<\/div>\n\t\t<\/div>\n\t\t\t\t\t<\/div>\n\t\t<\/section>\n\t\t\t\t<section class=\"elementor-section elementor-top-section elementor-element elementor-element-e98d8a6 elementor-section-boxed elementor-section-height-default elementor-section-height-default\" data-id=\"e98d8a6\" data-element_type=\"section\" data-e-type=\"section\">\n\t\t\t\t\t\t<div class=\"elementor-container elementor-column-gap-default\">\n\t\t\t\t\t<div class=\"elementor-column elementor-col-100 elementor-top-column elementor-element elementor-element-028e2ba\" data-id=\"028e2ba\" data-element_type=\"column\" data-e-type=\"column\">\n\t\t\t<div class=\"elementor-widget-wrap elementor-element-populated\">\n\t\t\t\t\t\t<div class=\"elementor-element elementor-element-fefb0fe elementor-widget elementor-widget-text-editor\" data-id=\"fefb0fe\" data-element_type=\"widget\" data-e-type=\"widget\" data-widget_type=\"text-editor.default\">\n\t\t\t\t<div class=\"elementor-widget-container\">\n\t\t\t\t\t\t\t\t\t<p>Remplissez le formulaire ci-dessous pour r\u00e9server votre machine.<br data-start=\"2222\" data-end=\"2225\">Apr\u00e8s l&rsquo;envoi, nous vous contacterons pour confirmer la disponibilit\u00e9 et convenir des d\u00e9tails pratiques.<\/p>\t\t\t\t\t\t\t\t<\/div>\n\t\t\t\t<\/div>\n\t\t\t\t\t<\/div>\n\t\t<\/div>\n\t\t\t\t\t<\/div>\n\t\t<\/section>\n\t\t<div class=\"elementor-element elementor-element-85e96fc e-flex e-con-boxed e-con e-parent\" data-id=\"85e96fc\" data-element_type=\"container\" data-e-type=\"container\" data-settings=\"{&quot;background_background&quot;:&quot;classic&quot;}\">\n\t\t\t\t\t<div class=\"e-con-inner\">\n\t\t<div class=\"elementor-element elementor-element-7b6ff6e e-con-full e-flex e-con e-child\" data-id=\"7b6ff6e\" data-element_type=\"container\" data-e-type=\"container\">\n\t\t\t\t<div class=\"elementor-element elementor-element-8a4564e elementor-widget__width-initial elementor-button-align-stretch elementor-widget elementor-widget-form\" data-id=\"8a4564e\" data-element_type=\"widget\" data-e-type=\"widget\" data-settings=\"{&quot;step_next_label&quot;:&quot;Suivant&lt;br&gt;&quot;,&quot;step_previous_label&quot;:&quot;Previous&quot;,&quot;button_width&quot;:&quot;50&quot;,&quot;step_type&quot;:&quot;none&quot;,&quot;step_icon_shape&quot;:&quot;none&quot;}\" data-widget_type=\"form.default\">\n\t\t\t\t<div class=\"elementor-widget-container\">\n\t\t\t\t\t\t\t<form class=\"elementor-form\" method=\"post\" name=\"R\u00e9servation de machines\" aria-label=\"R\u00e9servation de machines\" novalidate=\"\">\n\t\t\t<input type=\"hidden\" name=\"post_id\" value=\"55687\"\/>\n\t\t\t<input type=\"hidden\" name=\"form_id\" value=\"8a4564e\"\/>\n\t\t\t<input type=\"hidden\" name=\"referer_title\" value=\"\" \/>\n\n\t\t\t\n\t\t\t<div class=\"elementor-form-fields-wrapper elementor-labels-above\">\n\t\t\t\t\t\t\t\t<div class=\"elementor-field-type-html elementor-field-group elementor-column elementor-field-group-field_7ed5012 elementor-col-100\">\n\t\t\t\t\t<b>Quelle machine souhaitez-vous r\u00e9server ?<\/b>\t\t\t\t<\/div>\n\t\t\t\t\t\t\t\t<div class=\"elementor-field-type-text elementor-field-group elementor-column elementor-field-group-field_13dfb4b elementor-col-50 elementor-field-required elementor-mark-required\">\n\t\t\t\t\t\t\t\t\t\t\t\t<label for=\"form-field-field_13dfb4b\" class=\"elementor-field-label\">\n\t\t\t\t\t\t\t\tMachine 1 (marque + type) :\t\t\t\t\t\t\t<\/label>\n\t\t\t\t\t\t\t\t\t\t\t\t\t\t<input size=\"1\" type=\"text\" name=\"form_fields[field_13dfb4b]\" id=\"form-field-field_13dfb4b\" class=\"elementor-field elementor-size-sm  elementor-field-textual\" required=\"required\">\n\t\t\t\t\t\t\t\t\t\t\t<\/div>\n\t\t\t\t\t\t\t\t<div class=\"elementor-field-type-text elementor-field-group elementor-column elementor-field-group-field_a2f4c91 elementor-col-50\">\n\t\t\t\t\t\t\t\t\t\t\t\t<label for=\"form-field-field_a2f4c91\" class=\"elementor-field-label\">\n\t\t\t\t\t\t\t\tAccessoires suppl\u00e9mentaires (si n\u00e9cessaire) :\t\t\t\t\t\t\t<\/label>\n\t\t\t\t\t\t\t\t\t\t\t\t\t\t<input size=\"1\" type=\"text\" name=\"form_fields[field_a2f4c91]\" id=\"form-field-field_a2f4c91\" class=\"elementor-field elementor-size-sm  elementor-field-textual\">\n\t\t\t\t\t\t\t\t\t\t\t<\/div>\n\t\t\t\t\t\t\t\t<div class=\"elementor-field-type-text elementor-field-group elementor-column elementor-field-group-field_5aaae29 elementor-col-50\">\n\t\t\t\t\t\t\t\t\t\t\t\t<label for=\"form-field-field_5aaae29\" class=\"elementor-field-label\">\n\t\t\t\t\t\t\t\tMachine 2 (marque + type) :\t\t\t\t\t\t\t<\/label>\n\t\t\t\t\t\t\t\t\t\t\t\t\t\t<input size=\"1\" type=\"text\" name=\"form_fields[field_5aaae29]\" id=\"form-field-field_5aaae29\" class=\"elementor-field elementor-size-sm  elementor-field-textual\">\n\t\t\t\t\t\t\t\t\t\t\t<\/div>\n\t\t\t\t\t\t\t\t<div class=\"elementor-field-type-text elementor-field-group elementor-column elementor-field-group-field_7f0dd12 elementor-col-50\">\n\t\t\t\t\t\t\t\t\t\t\t\t<label for=\"form-field-field_7f0dd12\" class=\"elementor-field-label\">\n\t\t\t\t\t\t\t\tAccessoires suppl\u00e9mentaires (si n\u00e9cessaire) :\t\t\t\t\t\t\t<\/label>\n\t\t\t\t\t\t\t\t\t\t\t\t\t\t<input size=\"1\" type=\"text\" name=\"form_fields[field_7f0dd12]\" id=\"form-field-field_7f0dd12\" class=\"elementor-field elementor-size-sm  elementor-field-textual\">\n\t\t\t\t\t\t\t\t\t\t\t<\/div>\n\t\t\t\t\t\t\t\t<div class=\"elementor-field-type-text elementor-field-group elementor-column elementor-field-group-field_82b1cf4 elementor-col-50\">\n\t\t\t\t\t\t\t\t\t\t\t\t<label for=\"form-field-field_82b1cf4\" class=\"elementor-field-label\">\n\t\t\t\t\t\t\t\tMachine 3 (marque + type) :\t\t\t\t\t\t\t<\/label>\n\t\t\t\t\t\t\t\t\t\t\t\t\t\t<input size=\"1\" type=\"text\" name=\"form_fields[field_82b1cf4]\" id=\"form-field-field_82b1cf4\" class=\"elementor-field elementor-size-sm  elementor-field-textual\">\n\t\t\t\t\t\t\t\t\t\t\t<\/div>\n\t\t\t\t\t\t\t\t<div class=\"elementor-field-type-text elementor-field-group elementor-column elementor-field-group-field_4df2056 elementor-col-50\">\n\t\t\t\t\t\t\t\t\t\t\t\t<label for=\"form-field-field_4df2056\" class=\"elementor-field-label\">\n\t\t\t\t\t\t\t\tAccessoires suppl\u00e9mentaires (si n\u00e9cessaire) :\t\t\t\t\t\t\t<\/label>\n\t\t\t\t\t\t\t\t\t\t\t\t\t\t<input size=\"1\" type=\"text\" name=\"form_fields[field_4df2056]\" id=\"form-field-field_4df2056\" class=\"elementor-field elementor-size-sm  elementor-field-textual\">\n\t\t\t\t\t\t\t\t\t\t\t<\/div>\n\t\t\t\t\t\t\t\t<div class=\"elementor-field-type-radio elementor-field-group elementor-column elementor-field-group-field_8e7f753 elementor-col-100 elementor-field-required elementor-mark-required\">\n\t\t\t\t\t\t\t\t\t\t\t\t<label for=\"form-field-field_8e7f753\" class=\"elementor-field-label\">\n\t\t\t\t\t\t\t\t<b>Type de client <\/b>(S\u00e9lectionnez votre type de client)\t\t\t\t\t\t\t<\/label>\n\t\t\t\t\t\t<div class=\"elementor-field-subgroup  \"><span class=\"elementor-field-option\"><input type=\"radio\" value=\"Particulier\" id=\"form-field-field_8e7f753-0\" name=\"form_fields[field_8e7f753]\" required=\"required\"> <label for=\"form-field-field_8e7f753-0\">Particulier<\/label><\/span><span class=\"elementor-field-option\"><input type=\"radio\" value=\"Entreprise \" id=\"form-field-field_8e7f753-1\" name=\"form_fields[field_8e7f753]\" required=\"required\"> <label for=\"form-field-field_8e7f753-1\">Entreprise <\/label><\/span><\/div>\t\t\t\t<\/div>\n\t\t\t\t\t\t\t\t<div class=\"elementor-field-type-html elementor-field-group elementor-column elementor-field-group-field_b48e3bf elementor-col-100\">\n\t\t\t\t\t<b>Veuillez remplir les informations de facturation ci-dessous :<\/b>\t\t\t\t<\/div>\n\t\t\t\t\t\t\t\t<div class=\"elementor-field-type-text elementor-field-group elementor-column elementor-field-group-name elementor-col-50 elementor-field-required elementor-mark-required\">\n\t\t\t\t\t\t\t\t\t\t\t\t<label for=\"form-field-name\" class=\"elementor-field-label\">\n\t\t\t\t\t\t\t\tPr\u00e9nom :\t\t\t\t\t\t\t<\/label>\n\t\t\t\t\t\t\t\t\t\t\t\t\t\t<input size=\"1\" type=\"text\" name=\"form_fields[name]\" id=\"form-field-name\" class=\"elementor-field elementor-size-sm  elementor-field-textual\" required=\"required\">\n\t\t\t\t\t\t\t\t\t\t\t<\/div>\n\t\t\t\t\t\t\t\t<div class=\"elementor-field-type-text elementor-field-group elementor-column elementor-field-group-field_7d9dff9 elementor-col-50 elementor-field-required elementor-mark-required\">\n\t\t\t\t\t\t\t\t\t\t\t\t<label for=\"form-field-field_7d9dff9\" class=\"elementor-field-label\">\n\t\t\t\t\t\t\t\tNom :\t\t\t\t\t\t\t<\/label>\n\t\t\t\t\t\t\t\t\t\t\t\t\t\t<input size=\"1\" type=\"text\" name=\"form_fields[field_7d9dff9]\" id=\"form-field-field_7d9dff9\" class=\"elementor-field elementor-size-sm  elementor-field-textual\" required=\"required\">\n\t\t\t\t\t\t\t\t\t\t\t<\/div>\n\t\t\t\t\t\t\t\t<div class=\"elementor-field-type-text elementor-field-group elementor-column elementor-field-group-field_1690826 elementor-col-50\">\n\t\t\t\t\t\t\t\t\t\t\t\t<label for=\"form-field-field_1690826\" class=\"elementor-field-label\">\n\t\t\t\t\t\t\t\tNom de l'entreprise :\t\t\t\t\t\t\t<\/label>\n\t\t\t\t\t\t\t\t\t\t\t\t\t\t<input size=\"1\" type=\"text\" name=\"form_fields[field_1690826]\" id=\"form-field-field_1690826\" class=\"elementor-field elementor-size-sm  elementor-field-textual\">\n\t\t\t\t\t\t\t\t\t\t\t<\/div>\n\t\t\t\t\t\t\t\t<div class=\"elementor-field-type-text elementor-field-group elementor-column elementor-field-group-field_9bbd3fb elementor-col-50\">\n\t\t\t\t\t\t\t\t\t\t\t\t<label for=\"form-field-field_9bbd3fb\" class=\"elementor-field-label\">\n\t\t\t\t\t\t\t\tNum\u00e9ro de TVA (si entreprise) :\t\t\t\t\t\t\t<\/label>\n\t\t\t\t\t\t\t\t\t\t\t\t\t\t<input size=\"1\" type=\"text\" name=\"form_fields[field_9bbd3fb]\" id=\"form-field-field_9bbd3fb\" class=\"elementor-field elementor-size-sm  elementor-field-textual\" placeholder=\"TVA - 0xxx.xxx.xxx\">\n\t\t\t\t\t\t\t\t\t\t\t<\/div>\n\t\t\t\t\t\t\t\t<div class=\"elementor-field-type-text elementor-field-group elementor-column elementor-field-group-field_1da5a7c elementor-col-70 elementor-field-required elementor-mark-required\">\n\t\t\t\t\t\t\t\t\t\t\t\t<label for=\"form-field-field_1da5a7c\" class=\"elementor-field-label\">\n\t\t\t\t\t\t\t\tRue:\t\t\t\t\t\t\t<\/label>\n\t\t\t\t\t\t\t\t\t\t\t\t\t\t<input size=\"1\" type=\"text\" name=\"form_fields[field_1da5a7c]\" id=\"form-field-field_1da5a7c\" class=\"elementor-field elementor-size-sm  elementor-field-textual\" required=\"required\">\n\t\t\t\t\t\t\t\t\t\t\t<\/div>\n\t\t\t\t\t\t\t\t<div class=\"elementor-field-type-text elementor-field-group elementor-column elementor-field-group-field_4fc1af9 elementor-col-30 elementor-field-required elementor-mark-required\">\n\t\t\t\t\t\t\t\t\t\t\t\t<label for=\"form-field-field_4fc1af9\" class=\"elementor-field-label\">\n\t\t\t\t\t\t\t\tN\u00b0\t\t\t\t\t\t\t<\/label>\n\t\t\t\t\t\t\t\t\t\t\t\t\t\t<input size=\"1\" type=\"text\" name=\"form_fields[field_4fc1af9]\" id=\"form-field-field_4fc1af9\" class=\"elementor-field elementor-size-sm  elementor-field-textual\" required=\"required\">\n\t\t\t\t\t\t\t\t\t\t\t<\/div>\n\t\t\t\t\t\t\t\t<div class=\"elementor-field-type-text elementor-field-group elementor-column elementor-field-group-email elementor-col-50 elementor-field-required elementor-mark-required\">\n\t\t\t\t\t\t\t\t\t\t\t\t<label for=\"form-field-email\" class=\"elementor-field-label\">\n\t\t\t\t\t\t\t\tCode postal\t\t\t\t\t\t\t<\/label>\n\t\t\t\t\t\t\t\t\t\t\t\t\t\t<input size=\"1\" type=\"text\" name=\"form_fields[email]\" id=\"form-field-email\" class=\"elementor-field elementor-size-sm  elementor-field-textual\" required=\"required\">\n\t\t\t\t\t\t\t\t\t\t\t<\/div>\n\t\t\t\t\t\t\t\t<div class=\"elementor-field-type-text elementor-field-group elementor-column elementor-field-group-field_a8ccdca elementor-col-50 elementor-field-required elementor-mark-required\">\n\t\t\t\t\t\t\t\t\t\t\t\t<label for=\"form-field-field_a8ccdca\" class=\"elementor-field-label\">\n\t\t\t\t\t\t\t\tCommune\t\t\t\t\t\t\t<\/label>\n\t\t\t\t\t\t\t\t\t\t\t\t\t\t<input size=\"1\" type=\"text\" name=\"form_fields[field_a8ccdca]\" id=\"form-field-field_a8ccdca\" class=\"elementor-field elementor-size-sm  elementor-field-textual\" required=\"required\">\n\t\t\t\t\t\t\t\t\t\t\t<\/div>\n\t\t\t\t\t\t\t\t<div class=\"elementor-field-type-html elementor-field-group elementor-column elementor-field-group-field_768e403 elementor-col-100\">\n\t\t\t\t\t<b>Coordonn\u00e9es :<\/b>\t\t\t\t<\/div>\n\t\t\t\t\t\t\t\t<div class=\"elementor-field-type-email elementor-field-group elementor-column elementor-field-group-field_e9ae8b4 elementor-col-50 elementor-field-required elementor-mark-required\">\n\t\t\t\t\t\t\t\t\t\t\t\t<label for=\"form-field-field_e9ae8b4\" class=\"elementor-field-label\">\n\t\t\t\t\t\t\t\tE-mail\t\t\t\t\t\t\t<\/label>\n\t\t\t\t\t\t\t\t\t\t\t\t\t\t<input size=\"1\" type=\"email\" name=\"form_fields[field_e9ae8b4]\" id=\"form-field-field_e9ae8b4\" class=\"elementor-field elementor-size-sm  elementor-field-textual\" required=\"required\">\n\t\t\t\t\t\t\t\t\t\t\t<\/div>\n\t\t\t\t\t\t\t\t<div class=\"elementor-field-type-tel elementor-field-group elementor-column elementor-field-group-field_e9e481a elementor-col-50 elementor-field-required elementor-mark-required\">\n\t\t\t\t\t\t\t\t\t\t\t\t<label for=\"form-field-field_e9e481a\" class=\"elementor-field-label\">\n\t\t\t\t\t\t\t\tgsm:\t\t\t\t\t\t\t<\/label>\n\t\t\t\t\t\t\t\t<input size=\"1\" type=\"tel\" name=\"form_fields[field_e9e481a]\" id=\"form-field-field_e9e481a\" class=\"elementor-field elementor-size-sm  elementor-field-textual\" placeholder=\"sans espace - 0499xxxxxx\" required=\"required\" pattern=\"[0-9()#&amp;+*-=.]+\" title=\"Seuls les caract\u00e8res de num\u00e9ros de t\u00e9l\u00e9phone (#, -, *, etc.) sont accept\u00e9s.\">\n\n\t\t\t\t\t\t<\/div>\n\t\t\t\t\t\t\t\t<div class=\"elementor-field-type-radio elementor-field-group elementor-column elementor-field-group-field_d6d1666 elementor-col-100 elementor-field-required elementor-mark-required\">\n\t\t\t\t\t\t\t\t\t\t\t\t<label for=\"form-field-field_d6d1666\" class=\"elementor-field-label\">\n\t\t\t\t\t\t\t\t<b>Comment souhaitez-vous recevoir la machine ?<\/b>\t\t\t\t\t\t\t<\/label>\n\t\t\t\t\t\t<div class=\"elementor-field-subgroup  \"><span class=\"elementor-field-option\"><input type=\"radio\" value=\"Enl\u00e8vement \u00e0 Kessel-Lo avec votre propre moyen de transport\" id=\"form-field-field_d6d1666-0\" name=\"form_fields[field_d6d1666]\" required=\"required\"> <label for=\"form-field-field_d6d1666-0\">Enl\u00e8vement \u00e0 Kessel-Lo avec votre propre moyen de transport<\/label><\/span><span class=\"elementor-field-option\"><input type=\"radio\" value=\"Enl\u00e8vement \u00e0 Kessel-Lo + location d&#039;une remorque frein\u00e9e (50 \u20ac \/ jour ou 100 \u20ac \/ semaine)\" id=\"form-field-field_d6d1666-1\" name=\"form_fields[field_d6d1666]\" required=\"required\"> <label for=\"form-field-field_d6d1666-1\">Enl\u00e8vement \u00e0 Kessel-Lo + location d'une remorque frein\u00e9e (50 \u20ac \/ jour ou 100 \u20ac \/ semaine)<\/label><\/span><span class=\"elementor-field-option\"><input type=\"radio\" value=\"Livraison \u00e0 domicile (un suppl\u00e9ment est factur\u00e9 pour la livraison, variable selon la commune)\" id=\"form-field-field_d6d1666-2\" name=\"form_fields[field_d6d1666]\" required=\"required\"> <label for=\"form-field-field_d6d1666-2\">Livraison \u00e0 domicile (un suppl\u00e9ment est factur\u00e9 pour la livraison, variable selon la commune)<\/label><\/span><\/div>\t\t\t\t<\/div>\n\t\t\t\t\t\t\t\t<div class=\"elementor-field-type-html elementor-field-group elementor-column elementor-field-group-field_955e1f3 elementor-col-100\">\n\t\t\t\t\t<b>Adresse de livraison : <\/b>(en cas de livraison)\t\t\t\t<\/div>\n\t\t\t\t\t\t\t\t<div class=\"elementor-field-type-text elementor-field-group elementor-column elementor-field-group-field_6541b99 elementor-col-70\">\n\t\t\t\t\t\t\t\t\t\t\t\t<label for=\"form-field-field_6541b99\" class=\"elementor-field-label\">\n\t\t\t\t\t\t\t\tRue:\t\t\t\t\t\t\t<\/label>\n\t\t\t\t\t\t\t\t\t\t\t\t\t\t<input size=\"1\" type=\"text\" name=\"form_fields[field_6541b99]\" id=\"form-field-field_6541b99\" class=\"elementor-field elementor-size-sm  elementor-field-textual\">\n\t\t\t\t\t\t\t\t\t\t\t<\/div>\n\t\t\t\t\t\t\t\t<div class=\"elementor-field-type-text elementor-field-group elementor-column elementor-field-group-field_9227e59 elementor-col-30\">\n\t\t\t\t\t\t\t\t\t\t\t\t<label for=\"form-field-field_9227e59\" class=\"elementor-field-label\">\n\t\t\t\t\t\t\t\tN\u00b0\t\t\t\t\t\t\t<\/label>\n\t\t\t\t\t\t\t\t\t\t\t\t\t\t<input size=\"1\" type=\"text\" name=\"form_fields[field_9227e59]\" id=\"form-field-field_9227e59\" class=\"elementor-field elementor-size-sm  elementor-field-textual\">\n\t\t\t\t\t\t\t\t\t\t\t<\/div>\n\t\t\t\t\t\t\t\t<div class=\"elementor-field-type-text elementor-field-group elementor-column elementor-field-group-field_3bf241e elementor-col-30\">\n\t\t\t\t\t\t\t\t\t\t\t\t<label for=\"form-field-field_3bf241e\" class=\"elementor-field-label\">\n\t\t\t\t\t\t\t\tCode postal\t\t\t\t\t\t\t<\/label>\n\t\t\t\t\t\t\t\t\t\t\t\t\t\t<input size=\"1\" type=\"text\" name=\"form_fields[field_3bf241e]\" id=\"form-field-field_3bf241e\" class=\"elementor-field elementor-size-sm  elementor-field-textual\">\n\t\t\t\t\t\t\t\t\t\t\t<\/div>\n\t\t\t\t\t\t\t\t<div class=\"elementor-field-type-text elementor-field-group elementor-column elementor-field-group-field_2e6b5d9 elementor-col-70\">\n\t\t\t\t\t\t\t\t\t\t\t\t<label for=\"form-field-field_2e6b5d9\" class=\"elementor-field-label\">\n\t\t\t\t\t\t\t\tCommune :\t\t\t\t\t\t\t<\/label>\n\t\t\t\t\t\t\t\t\t\t\t\t\t\t<input size=\"1\" type=\"text\" name=\"form_fields[field_2e6b5d9]\" id=\"form-field-field_2e6b5d9\" class=\"elementor-field elementor-size-sm  elementor-field-textual\">\n\t\t\t\t\t\t\t\t\t\t\t<\/div>\n\t\t\t\t\t\t\t\t<div class=\"elementor-field-type-html elementor-field-group elementor-column elementor-field-group-field_9e622bc elementor-col-100\">\n\t\t\t\t\t<b>P\u00e9riode de location :<\/b>\t\t\t\t<\/div>\n\t\t\t\t\t\t\t\t<div class=\"elementor-field-type-date elementor-field-group elementor-column elementor-field-group-field_4eafe5e elementor-col-50 elementor-field-required elementor-mark-required\">\n\t\t\t\t\t\t\t\t\t\t\t\t<label for=\"form-field-field_4eafe5e\" class=\"elementor-field-label\">\n\t\t\t\t\t\t\t\tDate de d\u00e9but :\t\t\t\t\t\t\t<\/label>\n\t\t\t\t\t\t\n\t\t<input type=\"date\" name=\"form_fields[field_4eafe5e]\" id=\"form-field-field_4eafe5e\" class=\"elementor-field elementor-size-sm  elementor-field-textual elementor-date-field\" required=\"required\" pattern=\"[0-9]{4}-[0-9]{2}-[0-9]{2}\">\n\t\t\t\t\t\t<\/div>\n\t\t\t\t\t\t\t\t<div class=\"elementor-field-type-time elementor-field-group elementor-column elementor-field-group-field_2e0b946 elementor-col-50 elementor-field-required elementor-mark-required\">\n\t\t\t\t\t\t\t\t\t\t\t\t<label for=\"form-field-field_2e0b946\" class=\"elementor-field-label\">\n\t\t\t\t\t\t\t\tHeure de d\u00e9but :\t\t\t\t\t\t\t<\/label>\n\t\t\t\t\t\t\t\t<input type=\"time\" name=\"form_fields[field_2e0b946]\" id=\"form-field-field_2e0b946\" class=\"elementor-field elementor-size-sm  elementor-field-textual elementor-time-field\" required=\"required\">\n\t\t\t\t\t\t<\/div>\n\t\t\t\t\t\t\t\t<div class=\"elementor-field-type-date elementor-field-group elementor-column elementor-field-group-field_bf6b559 elementor-col-50 elementor-field-required elementor-mark-required\">\n\t\t\t\t\t\t\t\t\t\t\t\t<label for=\"form-field-field_bf6b559\" class=\"elementor-field-label\">\n\t\t\t\t\t\t\t\tDate de fin :\t\t\t\t\t\t\t<\/label>\n\t\t\t\t\t\t\n\t\t<input type=\"date\" name=\"form_fields[field_bf6b559]\" id=\"form-field-field_bf6b559\" class=\"elementor-field elementor-size-sm  elementor-field-textual elementor-date-field\" required=\"required\" pattern=\"[0-9]{4}-[0-9]{2}-[0-9]{2}\">\n\t\t\t\t\t\t<\/div>\n\t\t\t\t\t\t\t\t<div class=\"elementor-field-type-time elementor-field-group elementor-column elementor-field-group-field_a35c732 elementor-col-50 elementor-field-required elementor-mark-required\">\n\t\t\t\t\t\t\t\t\t\t\t\t<label for=\"form-field-field_a35c732\" class=\"elementor-field-label\">\n\t\t\t\t\t\t\t\tHeure de fin :\t\t\t\t\t\t\t<\/label>\n\t\t\t\t\t\t\t\t<input type=\"time\" name=\"form_fields[field_a35c732]\" id=\"form-field-field_a35c732\" class=\"elementor-field elementor-size-sm  elementor-field-textual elementor-time-field\" required=\"required\">\n\t\t\t\t\t\t<\/div>\n\t\t\t\t\t\t\t\t<div class=\"elementor-field-type-acceptance elementor-field-group elementor-column elementor-field-group-field_b767b06 elementor-col-100 elementor-field-required elementor-mark-required\">\n\t\t\t\t\t\t\t<div class=\"elementor-field-subgroup\">\n\t\t\t<span class=\"elementor-field-option\">\n\t\t\t\t<input type=\"checkbox\" name=\"form_fields[field_b767b06]\" id=\"form-field-field_b767b06\" class=\"elementor-field elementor-size-sm  elementor-acceptance-field\" required=\"required\" checked=\"checked\">\n\t\t\t\t<label for=\"form-field-field_b767b06\">J'ai lu et accept\u00e9 les conditions de location. <\/label>\t\t\t<\/span>\n\t\t<\/div>\n\t\t\t\t\t\t<\/div>\n\t\t\t\t\t\t\t\t<div class=\"elementor-field-type-textarea elementor-field-group elementor-column elementor-field-group-message elementor-col-100\">\n\t\t\t\t\t\t\t\t\t\t\t\t<label for=\"form-field-message\" class=\"elementor-field-label\">\n\t\t\t\t\t\t\t\t<b>Remarques \/ suppl\u00e9ments<\/b>\t\t\t\t\t\t\t<\/label>\n\t\t\t\t\t\t<textarea class=\"elementor-field-textual elementor-field  elementor-size-sm\" name=\"form_fields[message]\" id=\"form-field-message\" rows=\"8\"><\/textarea>\t\t\t\t<\/div>\n\t\t\t\t\t\t\t\t<div class=\"elementor-field-type-recaptcha_v3 elementor-field-group elementor-column elementor-field-group-field_718fa75 elementor-col-100 recaptcha_v3-bottomright\">\n\t\t\t\t\t<div class=\"elementor-field\" id=\"form-field-field_718fa75\"><div class=\"elementor-g-recaptcha\" data-sitekey=\"6Ldy5oMhAAAAALRDEe9Oo-JFXRSLpqo8W-QRsr1g\" data-type=\"v3\" data-action=\"Form\" data-badge=\"bottomright\" data-size=\"invisible\"><\/div><\/div>\t\t\t\t<\/div>\n\t\t\t\t\t\t\t\t<div class=\"elementor-field-group elementor-column elementor-field-type-submit elementor-col-50 e-form__buttons\">\n\t\t\t\t\t<button class=\"elementor-button elementor-size-sm\" type=\"submit\">\n\t\t\t\t\t\t<span class=\"elementor-button-content-wrapper\">\n\t\t\t\t\t\t\t\t\t\t\t\t\t\t\t\t\t\t\t\t\t\t<span class=\"elementor-button-text\">Envoyer une demande de r\u00e9servation<\/span>\n\t\t\t\t\t\t\t\t\t\t\t\t\t<\/span>\n\t\t\t\t\t<\/button>\n\t\t\t\t<\/div>\n\t\t\t<\/div>\n\t\t<\/form>\n\t\t\t\t\t\t<\/div>\n\t\t\t\t<\/div>\n\t\t\t\t<\/div>\n\t\t\t\t\t<\/div>\n\t\t\t\t<\/div>\n\t\t\t\t<\/div>\n\t\t","protected":false},"excerpt":{"rendered":"<p>formulaire de r\u00e9servation pour location Remplissez le formulaire ci-dessous pour r\u00e9server votre machine.Apr\u00e8s l&rsquo;envoi, nous vous contacterons pour confirmer la disponibilit\u00e9 et convenir des d\u00e9tails pratiques.<\/p>\n","protected":false},"author":2,"featured_media":0,"parent":52783,"menu_order":3,"comment_status":"closed","ping_status":"closed","template":"","meta":{"_seopress_robots_primary_cat":"","_seopress_titles_title":"Louer et r\u00e9server un machine foresti\u00e8re chez Espritt","_seopress_titles_desc":"Formulaire de r\u00e9servation pour location. Remplissez le formulaire ci-dessous pour r\u00e9server votre machine.","_seopress_robots_index":"","footnotes":""},"class_list":["post-55687","page","type-page","status-publish","hentry"],"_links":{"self":[{"href":"https:\/\/espritt.be\/fr\/wp-json\/wp\/v2\/pages\/55687","targetHints":{"allow":["GET"]}}],"collection":[{"href":"https:\/\/espritt.be\/fr\/wp-json\/wp\/v2\/pages"}],"about":[{"href":"https:\/\/espritt.be\/fr\/wp-json\/wp\/v2\/types\/page"}],"author":[{"embeddable":true,"href":"https:\/\/espritt.be\/fr\/wp-json\/wp\/v2\/users\/2"}],"replies":[{"embeddable":true,"href":"https:\/\/espritt.be\/fr\/wp-json\/wp\/v2\/comments?post=55687"}],"version-history":[{"count":4,"href":"https:\/\/espritt.be\/fr\/wp-json\/wp\/v2\/pages\/55687\/revisions"}],"predecessor-version":[{"id":55736,"href":"https:\/\/espritt.be\/fr\/wp-json\/wp\/v2\/pages\/55687\/revisions\/55736"}],"up":[{"embeddable":true,"href":"https:\/\/espritt.be\/fr\/wp-json\/wp\/v2\/pages\/52783"}],"wp:attachment":[{"href":"https:\/\/espritt.be\/fr\/wp-json\/wp\/v2\/media?parent=55687"}],"curies":[{"name":"wp","href":"https:\/\/api.w.org\/{rel}","templated":true}]}}